{"id":545,"date":"2023-11-23T15:53:53","date_gmt":"2023-11-23T15:53:53","guid":{"rendered":"https:\/\/roys-malerbetrieb.de\/?page_id=545"},"modified":"2023-12-06T07:45:41","modified_gmt":"2023-12-06T07:45:41","slug":"impressum","status":"publish","type":"page","link":"https:\/\/roys-malerbetrieb.de\/?page_id=545","title":{"rendered":"Impressum"},"content":{"rendered":"\t\t<div data-elementor-type=\"wp-page\" data-elementor-id=\"545\" class=\"elementor elementor-545\" data-elementor-post-type=\"page\">\n\t\t\t\t<div class=\"elementor-element elementor-element-782e671 e-flex e-con-boxed e-con e-parent\" data-id=\"782e671\" data-element_type=\"container\" data-e-type=\"container\">\n\t\t\t\t\t<div class=\"e-con-inner\">\n\t\t\t\t<div class=\"elementor-element elementor-element-a986912 elementor-widget elementor-widget-text-editor\" data-id=\"a986912\" data-element_type=\"widget\" data-e-type=\"widget\" data-widget_type=\"text-editor.default\">\n\t\t\t\t\t\t\t\t\t<h2><span style=\"text-align: var(--text-align); font-size: 1rem;\">Angaben gem\u00e4\u00df Informationspflicht laut \u00a7 5 Telemediengesetz (TMG).<\/span><\/h2><p>Roy\u00b4s Malerbetrieb<br \/>Inh.: Roy Ehrensberger-Adelt<br \/>Am Hopfengarten 33,<br \/>93086 W\u00f6rth a.d. Donau,<br \/>Deutschland<br \/><span style=\"text-align: var(--text-align); font-size: 1rem;\">Tel.: 09482-9596469<br \/><\/span><span style=\"text-align: var(--text-align); font-size: 1rem;\">E-Mail: <\/span><a style=\"text-align: var(--text-align); background-color: #ffffff; font-size: 1rem;\" href=\"mailto:roy@roys-malerbetrieb.de\">roy@roys-malerbetrieb.de<\/a><\/p><h4 style=\"margin-right: 0px; margin-bottom: 20px; margin-left: 0px; color: #212526; font-family: Lokal, Arial; font-size: 16px; font-variant-ligatures: normal;\">Erlaubnispflichtige T\u00e4tigkeit: Eingetragen in der Handwerksrolle f\u00fcr Maler- und Lackierarbeiten<br \/>Zust\u00e4ndige Kammer: Handwerkskammer Regensburg<br \/>Berufsrechtliche Regelungen:\u00a0<a style=\"transition-property: color, background-color, border-color; transition-duration: 0.2s; transition-timing-function: linear; color: var(--link_color);\" href=\"http:\/\/www.gesetze-im-internet.de\/hwo\/index.html\">Deutsche Handwerksordnung (HwO)<\/a>Sete<\/h4><h4 style=\"margin-right: 0px; margin-bottom: 20px; margin-left: 0px; color: #212526; font-family: Lokal, Arial; font-size: 16px; font-variant-ligatures: normal;\"><span style=\"text-align: var(--text-align);\">Steuernummer: 244\/214\/02805<br \/><\/span>Betriebshaftpflichtversicherung: ANDSAFE Versicherungen<\/h4><p><span style=\"font-family: inherit; text-align: var(--text-align);\"><span style=\"color: #080708;\"><span style=\"font-size: 2.1rem;\"><b>EU-Streitschlichtung<\/b><\/span><span style=\"font-size: 35.7px;\"><b><br \/><\/b><\/span><\/span><\/span><span style=\"text-align: var(--text-align); font-size: 1rem;\">Gem\u00e4\u00df Verordnung \u00fcber Online-Streitbeilegung in Verbraucherangelegenheiten (ODR-Verordnung) m\u00f6chten wir Sie \u00fcber die Online-Streitbeilegungsplattform (OS-Plattform) informieren.<\/span><\/p><p>Verbraucher haben die M\u00f6glichkeit, Beschwerden an die Online Streitbeilegungsplattform der Europ\u00e4ischen Kommission unter <a href=\"https:\/\/ec.europa.eu\/consumers\/odr\/main\/index.cfm?event=main.home2.show&amp;lng=DE\" target=\"_blank\" rel=\"follow noopener\">https:\/\/ec.europa.eu\/consumers\/odr\/main\/index.cfm?event=main.home2.show&amp;lng=DE<\/a> zu richten. Die daf\u00fcr notwendigen Kontaktdaten finden Sie oberhalb in unserem Impressum.<\/p><p>Wir m\u00f6chten Sie jedoch darauf hinweisen, dass wir nicht bereit oder verpflichtet sind, an Streitbeilegungsverfahren vor einer Verbraucherschlichtungsstelle teilzunehmen.<\/p><h2>Haftung f\u00fcr Inhalte dieser Website<\/h2><p>Wir entwickeln die Inhalte dieser Website st\u00e4ndig weiter und bem\u00fchen uns korrekte und aktuelle Informationen bereitzustellen. Leider k\u00f6nnen wir keine Haftung f\u00fcr die Korrektheit aller Inhalte auf dieser Website \u00fcbernehmen, speziell f\u00fcr jene, die seitens Dritter bereitgestellt wurden. Als Diensteanbieter sind wir nicht verpflichtet, die von Ihnen \u00fcbermittelten oder gespeicherten Informationen zu \u00fcberwachen oder nach Umst\u00e4nden zu forschen, die auf eine rechtswidrige T\u00e4tigkeit hinweisen.<\/p><p>Unsere Verpflichtungen zur Entfernung von Informationen oder zur Sperrung der Nutzung von Informationen nach den allgemeinen Gesetzen aufgrund von gerichtlichen oder beh\u00f6rdlichen Anordnungen bleiben auch im Falle unserer Nichtverantwortlichkeit davon unber\u00fchrt.<\/p><p>Sollten Ihnen problematische oder rechtswidrige Inhalte auffallen, bitte wir Sie uns umgehend zu kontaktieren, damit wir die rechtswidrigen Inhalte entfernen k\u00f6nnen. Sie finden die Kontaktdaten im Impressum.<\/p><h2>Haftung f\u00fcr Links auf dieser Website<\/h2><p>Unsere Website enth\u00e4lt Links zu anderen Websites f\u00fcr deren Inhalt wir nicht verantwortlich sind. Haftung f\u00fcr verlinkte Websites besteht f\u00fcr uns nicht, da wir keine Kenntnis rechtswidriger T\u00e4tigkeiten hatten und haben, uns solche Rechtswidrigkeiten auch bisher nicht aufgefallen sind und wir Links sofort entfernen w\u00fcrden, wenn uns Rechtswidrigkeiten bekannt werden.<\/p><p>Wenn Ihnen rechtswidrige Links auf unserer Website auffallen, bitte wir Sie uns zu kontaktieren. Sie finden die Kontaktdaten im Impressum.<\/p><h2>Urheberrechtshinweis<\/h2><p>Alle Inhalte dieser Webseite (Bilder, Fotos, Texte, Videos) unterliegen dem Urheberrecht. Bitte fragen Sie uns bevor Sie die Inhalte dieser Website verbreiten, vervielf\u00e4ltigen oder verwerten wie zum Beispiel auf anderen Websites erneut ver\u00f6ffentlichen. Falls notwendig, werden wir die unerlaubte Nutzung von Teilen der Inhalte unserer Seite rechtlich verfolgen.<\/p><p>Sollten Sie auf dieser Webseite Inhalte finden, die das Urheberrecht verletzen, bitten wir Sie uns zu kontaktieren.<\/p><p>Alle Texte sind urheberrechtlich gesch\u00fctzt.<\/p><p style=\"margin-top: 15px;\">Quelle: Erstellt mit dem <a title=\"Impressum Generator von AdSimple f\u00fcr Deutschland\" href=\"https:\/\/www.adsimple.de\/impressum-generator\/\">Impressum Generator<\/a> von AdSimple<\/p>\t\t\t\t\t\t\t\t<\/div>\n\t\t\t\t\t<\/div>\n\t\t\t\t<\/div>\n\t\t\t\t<\/div>\n\t\t","protected":false},"excerpt":{"rendered":"<p>Angaben gem\u00e4\u00df Informationspflicht laut \u00a7 5 Telemediengesetz (TMG). Roy\u00b4s MalerbetriebInh.: Roy Ehrensberger-AdeltAm Hopfengarten 33,93086 W\u00f6rth a.d. Donau,DeutschlandTel.: 09482-9596469E-Mail: roy@roys-malerbetrieb.de Erlaubnispflichtige T\u00e4tigkeit: Eingetragen in der Handwerksrolle f\u00fcr Maler- und LackierarbeitenZust\u00e4ndige Kammer: Handwerkskammer RegensburgBerufsrechtliche Regelungen:\u00a0Deutsche Handwerksordnung (HwO)Sete Steuernummer: 244\/214\/02805Betriebshaftpflichtversicherung: ANDSAFE Versicherungen EU-StreitschlichtungGem\u00e4\u00df Verordnung \u00fcber Online-Streitbeilegung in Verbraucherangelegenheiten (ODR-Verordnung) m\u00f6chten wir Sie \u00fcber die Online-Streitbeilegungsplattform (OS-Plattform) informieren. Verbraucher&#8230;<\/p>\n","protected":false},"author":1,"featured_media":0,"parent":0,"menu_order":0,"comment_status":"closed","ping_status":"closed","template":"","meta":{"footnotes":""},"class_list":["post-545","page","type-page","status-publish","hentry"],"aioseo_notices":[],"_links":{"self":[{"href":"https:\/\/roys-malerbetrieb.de\/index.php?rest_route=\/wp\/v2\/pages\/545","targetHints":{"allow":["GET"]}}],"collection":[{"href":"https:\/\/roys-malerbetrieb.de\/index.php?rest_route=\/wp\/v2\/pages"}],"about":[{"href":"https:\/\/roys-malerbetrieb.de\/index.php?rest_route=\/wp\/v2\/types\/page"}],"author":[{"embeddable":true,"href":"https:\/\/roys-malerbetrieb.de\/index.php?rest_route=\/wp\/v2\/users\/1"}],"replies":[{"embeddable":true,"href":"https:\/\/roys-malerbetrieb.de\/index.php?rest_route=%2Fwp%2Fv2%2Fcomments&post=545"}],"version-history":[{"count":39,"href":"https:\/\/roys-malerbetrieb.de\/index.php?rest_route=\/wp\/v2\/pages\/545\/revisions"}],"predecessor-version":[{"id":864,"href":"https:\/\/roys-malerbetrieb.de\/index.php?rest_route=\/wp\/v2\/pages\/545\/revisions\/864"}],"wp:attachment":[{"href":"https:\/\/roys-malerbetrieb.de\/index.php?rest_route=%2Fwp%2Fv2%2Fmedia&parent=545"}],"curies":[{"name":"wp","href":"https:\/\/api.w.org\/{rel}","templated":true}]}}